{"id":7669,"date":"2020-09-03T22:08:48","date_gmt":"2020-09-03T20:08:48","guid":{"rendered":"https:\/\/razvojnoinovacionisistem.rs\/plan-zastite-i-spasavanja\/"},"modified":"2021-06-21T12:37:53","modified_gmt":"2021-06-21T10:37:53","slug":"schutz-und-rettungsplan","status":"publish","type":"page","link":"https:\/\/razvojnoinovacionisistem.rs\/de\/schutz-und-rettungsplan\/","title":{"rendered":"Schutz- und Rettungsplan"},"content":{"rendered":"\t\t<div data-elementor-type=\"wp-page\" data-elementor-id=\"7669\" class=\"elementor elementor-7669 elementor-5790\">\n\t\t\t\t\t\t<section class=\"elementor-section elementor-top-section elementor-element elementor-element-7e28fb90 elementor-section-full_width qodef-elementor-content-grid elementor-section-height-default elementor-section-height-default\" data-id=\"7e28fb90\" data-element_type=\"section\" data-e-type=\"section\">\n\t\t\t\t\t\t<div class=\"elementor-container elementor-column-gap-no\">\n\t\t\t\t\t<div class=\"elementor-column elementor-col-100 elementor-top-column elementor-element elementor-element-5f23686f\" data-id=\"5f23686f\" data-element_type=\"column\" data-e-type=\"column\">\n\t\t\t<div class=\"elementor-widget-wrap elementor-element-populated\">\n\t\t\t\t\t\t<div class=\"elementor-element elementor-element-ad12bc8 elementor-widget elementor-widget-text-editor\" data-id=\"ad12bc8\" data-element_type=\"widget\" data-e-type=\"widget\" data-widget_type=\"text-editor.default\">\n\t\t\t\t<div class=\"elementor-widget-container\">\n\t\t\t\t\t\t\t\t\t<p>Entwicklung- und Inovationsystem GmbH verf\u00fcgt \u00fcber die Zulassung f\u00fcr die Ausfertigung der Katastrophenrisikoabsch\u00e4tzung und hat 7 f\u00fcr die Ausfertigung genannter Dokumente zugelassene Arbeitnehmer.<\/p><p>Mit dem Schutz- und Rettungsplan werden Massnahmen und Aktivit\u00e4ten f\u00fcr die Hinderung und Minderung der Folgen von Katastrophen vorgenommen. Der organisierte und koordinierte Vorgang wird zum Ziele des Schutzes und Rettung von Menschen, materieller und kultureller G\u00fcter und Sicherung der elementarsten Voraussetzungen f\u00fcr das Leben eingesetzt.<\/p><p>Es wird auf Grund der Absch\u00e4tzung ausgefertigt und sp\u00e4testens 90 Tage nach der Annahme der Absch\u00e4tzung angenommen, aktualisiert wird es mit den \u00c4nderung der Risikoabsch\u00e4tzung. Schutz und Rettungsplan ist verpflichtend f\u00fcr alle Rechtssubjekten die der Pflicht f\u00fcr die Ausfertigung der Absch\u00e4tzung unterliegen.<\/p><p>Notwendiger Inhalt:<\/p><ul><li>Fr\u00fch Warnsystem;<\/li><li>Mobilisierung und Aktviation;<\/li><li>Schutz und Rettung je nach Gefahrart;<\/li><li>Massnahmen des Zivilschutzes;<\/li><li>Einsatz von Schutz- und Rettungskr\u00e4fte.<\/li><\/ul><p>Katastrophenrisikoabsch\u00e4tzung, sowie der Schutz und Rettungsplan werden periodisch aktualisiert im Einklang mit den Bed\u00fcrfnissen und neuen Umst\u00e4nden, in ihrer Gesamtheit werden sie alle drei Jahre ausgefertigt, und wenn diese Umst\u00e4nde im wichtigen Ausmass ge\u00e4ndert sind, dann auch fr\u00fcher. Z.B wenn neue Risiken eintreten, bzw. Bereits bestehene Risiken erh\u00f6ht oder gemindert werden.<\/p>\t\t\t\t\t\t\t\t<\/div>\n\t\t\t\t<\/div>\n\t\t\t\t\t<\/div>\n\t\t<\/div>\n\t\t\t\t\t<\/div>\n\t\t<\/section>\n\t\t\t\t<section class=\"elementor-section elementor-top-section elementor-element elementor-element-72e2ac6 elementor-section-full_width qodef-elementor-content-grid elementor-section-height-default elementor-section-height-default\" data-id=\"72e2ac6\" data-element_type=\"section\" data-e-type=\"section\">\n\t\t\t\t\t\t<div class=\"elementor-container elementor-column-gap-no\">\n\t\t\t\t\t<div class=\"elementor-column elementor-col-100 elementor-top-column elementor-element elementor-element-4211550\" data-id=\"4211550\" data-element_type=\"column\" data-e-type=\"column\">\n\t\t\t<div class=\"elementor-widget-wrap elementor-element-populated\">\n\t\t\t\t\t\t<div class=\"elementor-element elementor-element-dc10de0 elementor-widget elementor-widget-stal_core_section_title\" data-id=\"dc10de0\" data-element_type=\"widget\" data-e-type=\"widget\" data-widget_type=\"stal_core_section_title.default\">\n\t\t\t\t<div class=\"elementor-widget-container\">\n\t\t\t\t\t<div class=\"qodef-shortcode qodef-m  qodef-section-title qodef-alignment--left  \">\n\t\t<div class=\"qodef-m-title-wrap\">\n\t\t<h2 class=\"qodef-m-title\" >\n\t\t\t\t\tFAQ Bereich\t\t\t<\/h2>\n\t\n\t<\/div>\n\t<\/div>\t\t\t\t<\/div>\n\t\t\t\t<\/div>\n\t\t\t\t<div class=\"elementor-element elementor-element-c093fa2 elementor-widget elementor-widget-stal_core_accordion\" data-id=\"c093fa2\" data-element_type=\"widget\" data-e-type=\"widget\" data-widget_type=\"stal_core_accordion.default\">\n\t\t\t\t<div class=\"elementor-widget-container\">\n\t\t\t\t\t<div class=\"qodef-shortcode qodef-m  qodef-accordion clear qodef-behavior--accordion qodef-layout--simple\">\n\t<h5 class=\"qodef-accordion-title\">\n\t<span class=\"qodef-tab-title\">\n\t\tWas ist der Schutz- und Rettungsplan?\t<\/span>\n\t<span class=\"qodef-accordion-mark\">\n\t\t<span class=\"qodef-icon\"><\/span>\n\t<\/span>\n<\/h5>\n<div class=\"qodef-accordion-content\">\n\t<div class=\"qodef-accordion-content-inner\">\n\t\t<p>Schutz- und Rettungsplan ist ein Dokument, das Massnahmen planiert und Aktivit\u00e4ten f\u00fcr Hinderung und Minderung der Katastrophennachteile vorsieht, sowie die Kraft und Mittel der Subjekte des Systems f\u00fcr Katastrophenrisikominderung und Notfallverwaltung, deren organisiertes und koordinierter Einsatz und Handeln in Notf\u00e4llen im Ziele des Schutzes von Menschen, materiellen und imateriellen G\u00fcter, sowie Sicherung der elementaren Lebensbedingungen. Subjekte die verpflichtet sind eine Absch\u00e4tzung von Katastrophenrisiko zu haben, sind verpflichtet auch den Schutz-und Rettungsplan auszufertigen.<\/p>\t<\/div>\n<\/div><h5 class=\"qodef-accordion-title\">\n\t<span class=\"qodef-tab-title\">\n\t\tWelches Gesetz reguliert dieses Gebiet?\t<\/span>\n\t<span class=\"qodef-accordion-mark\">\n\t\t<span class=\"qodef-icon\"><\/span>\n\t<\/span>\n<\/h5>\n<div class=\"qodef-accordion-content\">\n\t<div class=\"qodef-accordion-content-inner\">\n\t\t<p>Katastrophenrisikoabsch\u00e4tzung wird auf Grund des Gesetzes \u00fcber die Katastrophenrisikominderung und Verwaltung von Notsituationen geregelt (\u201cAmtsblatt RS\u201d Nr. 87\/2018), im Einklang mit der Richtlinie \u00fcber die Methodologie der Ausfertigung und Inhalt der Katastrophenrisikoabsch\u00e4tzung und Schutz- und Rettungsplan (\u201cAmtsblatt RS\u201d, Nr. 80\/2019).<\/p>\t<\/div>\n<\/div><h5 class=\"qodef-accordion-title\">\n\t<span class=\"qodef-tab-title\">\n\t\tWer ist verpflichtet dieses Dokument zu haben?\t<\/span>\n\t<span class=\"qodef-accordion-mark\">\n\t\t<span class=\"qodef-icon\"><\/span>\n\t<\/span>\n<\/h5>\n<div class=\"qodef-accordion-content\">\n\t<div class=\"qodef-accordion-content-inner\">\n\t\t<p>Schutz- und Rettungsplan sind alle jene Subjekten verpflichtet zu haben, die der Pflicht eine Katastrophenrisikoabsch\u00e4tzung unterliegen. Schutz und Rettungsplan wird anhand der Katastrophenrisikoabsch\u00e4tzung ausgefertigt und sp\u00e4testens 90 Tage nach der Annahme der Risikoabsch\u00e4tzung angenommen- es wird regelm\u00e4ssig an die \u00c4nderungen der Risikoabsch\u00e4tzung angepasst.<\/p>\t<\/div>\n<\/div><h5 class=\"qodef-accordion-title\">\n\t<span class=\"qodef-tab-title\">\n\t\tWer ist befugt diese Art von Dokumenten auszufertigen?\t<\/span>\n\t<span class=\"qodef-accordion-mark\">\n\t\t<span class=\"qodef-icon\"><\/span>\n\t<\/span>\n<\/h5>\n<div class=\"qodef-accordion-content\">\n\t<div class=\"qodef-accordion-content-inner\">\n\t\t<p>Schutz- und Rettungplans wird von juristischen Personen ausgefertigt, die Befugnisse f\u00fcr die Ausfertigung der Katastrophenrisikoabsch\u00e4tzung und Schutz- und Rettungplans befugt sind, sowie im Dauerschuldverh\u00e4ltniss besch\u00e4ftigtet lizenzierte Personendie eine Lizenz f\u00fcr die Ausfertigung dieser Dokumenten haben.<\/p>\t<\/div>\n<\/div><h5 class=\"qodef-accordion-title\">\n\t<span class=\"qodef-tab-title\">\n\t\tWie lange gilt der Schutz- und Rettungsplan?\t<\/span>\n\t<span class=\"qodef-accordion-mark\">\n\t\t<span class=\"qodef-icon\"><\/span>\n\t<\/span>\n<\/h5>\n<div class=\"qodef-accordion-content\">\n\t<div class=\"qodef-accordion-content-inner\">\n\t\t<p>Der Schutz- und Rettungsplan wird periodisch aktualisiert je nach Bed\u00fcrfnisse und neuen Umst\u00e4nden. Es wird alle drei Jahre neu ausgefertigt, und wenn sich die Umst\u00e4nde wesentlich \u00e4ndern, dann auch fr\u00fcher der Katastrophenrisikoabsch\u00e4tzung entsprechend.<\/p>\t<\/div>\n<\/div><h5 class=\"qodef-accordion-title\">\n\t<span class=\"qodef-tab-title\">\n\t\tVorgesehene Strafen\t<\/span>\n\t<span class=\"qodef-accordion-mark\">\n\t\t<span class=\"qodef-icon\"><\/span>\n\t<\/span>\n<\/h5>\n<div class=\"qodef-accordion-content\">\n\t<div class=\"qodef-accordion-content-inner\">\n\t\t<p>Das Gesetz \u00fcber Katastrophenrisikominderung und Verwaltung von Notsituationen (\u201cAmtsblatt RS, Nr. 87\/2018) sieht folgende Strafen vor<\/p><p>Mit einer Geldstrafe iHv von 100.000 bis 1.000.000 RSD werden juristische Personen bestraft, wenn:<\/p><ol><li>Sie den Schutz- und Rettungsplan nicht ausfertigen, bzw. Nicht aktualisiert (\u00a7 17, Abs 7);<\/li><li>Sie die Katastrophenrisikoabsch\u00e4tzung und Schutz und Rettungsplan ausfertigt, und keine Befugnis f\u00fcr eine Ausfertigung von Katastrophenrisikoabsch\u00e4tzung und Schutz und Rettungsplan hat (\u00a7 19. Abs 1).<\/li><\/ol><p>Mit einer Geldstrafe iHv von 50.000 RSD bis 100.000 RSD werden zust\u00e4ndige Personen in einem Staatsorgan, Organ der territorialen Autonomie, oder Organ der lokalen Selbstverwaltung bzw. Stadtbezirk bestraft, wenn:<\/p><ol><li>Sie die Katastrophenrisikoabsch\u00e4tzung, Katastrophenrisikominderung, bzw. Katastrophenrisikominderung, bzw. Schutz und Rettungsplan nicht fasst (\u00a7 28, Abs 1, Z 7 und \u00a7 29. Abs 1. Z 2).<\/li><\/ol>\t<\/div>\n<\/div><\/div>\t\t\t\t<\/div>\n\t\t\t\t<\/div>\n\t\t\t\t\t<\/div>\n\t\t<\/div>\n\t\t\t\t\t<\/div>\n\t\t<\/section>\n\t\t\t\t<\/div>\n\t\t","protected":false},"excerpt":{"rendered":"<p>Entwicklung- und Inovationsystem GmbH verf\u00fcgt \u00fcber die Zulassung f\u00fcr die Ausfertigung der Katastrophenrisikoabsch\u00e4tzung und hat 7 f\u00fcr die Ausfertigung genannter Dokumente zugelassene Arbeitnehmer. Mit dem Schutz- und Rettungsplan werden Massnahmen und Aktivit\u00e4ten f\u00fcr die Hinderung und Minderung der Folgen von Katastrophen vorgenommen. Der organisierte und koordinierte Vorgang wird zum Ziele des Schutzes und Rettung von [&hellip;]<\/p>\n","protected":false},"author":1,"featured_media":7453,"parent":0,"menu_order":0,"comment_status":"closed","ping_status":"closed","template":"page-full-width.php","meta":{"footnotes":""},"class_list":["post-7669","page","type-page","status-publish","has-post-thumbnail","hentry"],"yoast_head":"<!-- This site is optimized with the Yoast SEO plugin v27.4 - https:\/\/yoast.com\/product\/yoast-seo-wordpress\/ -->\n<title>Schutz- und Rettungsplan - Razvojno Inovacioni Sistem<\/title>\n<meta name=\"robots\" content=\"index, follow, max-snippet:-1, max-image-preview:large, max-video-preview:-1\" \/>\n<link rel=\"canonical\" href=\"https:\/\/razvojnoinovacionisistem.rs\/schutz-und-rettungsplan\/?lang=de\" \/>\n<meta property=\"og:locale\" content=\"de_DE\" \/>\n<meta property=\"og:type\" content=\"article\" \/>\n<meta property=\"og:title\" content=\"Schutz- und Rettungsplan - Razvojno Inovacioni Sistem\" \/>\n<meta property=\"og:description\" content=\"Entwicklung- und Inovationsystem GmbH verf\u00fcgt \u00fcber die Zulassung f\u00fcr die Ausfertigung der Katastrophenrisikoabsch\u00e4tzung und hat 7 f\u00fcr die Ausfertigung genannter Dokumente zugelassene Arbeitnehmer. Mit dem Schutz- und Rettungsplan werden Massnahmen und Aktivit\u00e4ten f\u00fcr die Hinderung und Minderung der Folgen von Katastrophen vorgenommen. Der organisierte und koordinierte Vorgang wird zum Ziele des Schutzes und Rettung von [&hellip;]\" \/>\n<meta property=\"og:url\" content=\"https:\/\/razvojnoinovacionisistem.rs\/schutz-und-rettungsplan\/?lang=de\" \/>\n<meta property=\"og:site_name\" content=\"Razvojno Inovacioni Sistem\" \/>\n<meta property=\"article:publisher\" content=\"https:\/\/www.facebook.com\/people\/Razvojno-Inovacioni-Sistem\/100057052645417\/\" \/>\n<meta property=\"article:modified_time\" content=\"2021-06-21T10:37:53+00:00\" \/>\n<meta property=\"og:image\" content=\"https:\/\/razvojnoinovacionisistem.rs\/wp-content\/uploads\/2020\/09\/ris-fb.jpg\" \/>\n\t<meta property=\"og:image:width\" content=\"1233\" \/>\n\t<meta property=\"og:image:height\" content=\"647\" \/>\n\t<meta property=\"og:image:type\" content=\"image\/jpeg\" \/>\n<meta name=\"twitter:card\" content=\"summary_large_image\" \/>\n<meta name=\"twitter:label1\" content=\"Gesch\u00e4tzte Lesezeit\" \/>\n\t<meta name=\"twitter:data1\" content=\"3\u00a0Minuten\" \/>\n<script type=\"application\/ld+json\" class=\"yoast-schema-graph\">{\"@context\":\"https:\\\/\\\/schema.org\",\"@graph\":[{\"@type\":\"WebPage\",\"@id\":\"https:\\\/\\\/razvojnoinovacionisistem.rs\\\/schutz-und-rettungsplan\\\/?lang=de\",\"url\":\"https:\\\/\\\/razvojnoinovacionisistem.rs\\\/schutz-und-rettungsplan\\\/?lang=de\",\"name\":\"Schutz- und Rettungsplan - Razvojno Inovacioni Sistem\",\"isPartOf\":{\"@id\":\"https:\\\/\\\/razvojnoinovacionisistem.rs\\\/#website\"},\"primaryImageOfPage\":{\"@id\":\"https:\\\/\\\/razvojnoinovacionisistem.rs\\\/schutz-und-rettungsplan\\\/?lang=de#primaryimage\"},\"image\":{\"@id\":\"https:\\\/\\\/razvojnoinovacionisistem.rs\\\/schutz-und-rettungsplan\\\/?lang=de#primaryimage\"},\"thumbnailUrl\":\"https:\\\/\\\/razvojnoinovacionisistem.rs\\\/wp-content\\\/uploads\\\/2020\\\/09\\\/ris-fb.jpg\",\"datePublished\":\"2020-09-03T20:08:48+00:00\",\"dateModified\":\"2021-06-21T10:37:53+00:00\",\"breadcrumb\":{\"@id\":\"https:\\\/\\\/razvojnoinovacionisistem.rs\\\/schutz-und-rettungsplan\\\/?lang=de#breadcrumb\"},\"inLanguage\":\"de\",\"potentialAction\":[{\"@type\":\"ReadAction\",\"target\":[\"https:\\\/\\\/razvojnoinovacionisistem.rs\\\/schutz-und-rettungsplan\\\/?lang=de\"]}]},{\"@type\":\"ImageObject\",\"inLanguage\":\"de\",\"@id\":\"https:\\\/\\\/razvojnoinovacionisistem.rs\\\/schutz-und-rettungsplan\\\/?lang=de#primaryimage\",\"url\":\"https:\\\/\\\/razvojnoinovacionisistem.rs\\\/wp-content\\\/uploads\\\/2020\\\/09\\\/ris-fb.jpg\",\"contentUrl\":\"https:\\\/\\\/razvojnoinovacionisistem.rs\\\/wp-content\\\/uploads\\\/2020\\\/09\\\/ris-fb.jpg\",\"width\":1233,\"height\":647},{\"@type\":\"BreadcrumbList\",\"@id\":\"https:\\\/\\\/razvojnoinovacionisistem.rs\\\/schutz-und-rettungsplan\\\/?lang=de#breadcrumb\",\"itemListElement\":[{\"@type\":\"ListItem\",\"position\":1,\"name\":\"\u041f\u043e\u0447\u0435\u0442\u043d\u0430\",\"item\":\"https:\\\/\\\/razvojnoinovacionisistem.rs\\\/?lang=de\"},{\"@type\":\"ListItem\",\"position\":2,\"name\":\"Schutz- und Rettungsplan\"}]},{\"@type\":\"WebSite\",\"@id\":\"https:\\\/\\\/razvojnoinovacionisistem.rs\\\/#website\",\"url\":\"https:\\\/\\\/razvojnoinovacionisistem.rs\\\/\",\"name\":\"\u0420\u0430\u0437\u0432\u043e\u0458\u043d\u043e \u0418\u043d\u043e\u0432\u0430\u0446\u0438\u043e\u043d\u0438 \u0421\u0438\u0441\u0442\u0435\u043c\",\"description\":\"\",\"publisher\":{\"@id\":\"https:\\\/\\\/razvojnoinovacionisistem.rs\\\/#organization\"},\"potentialAction\":[{\"@type\":\"SearchAction\",\"target\":{\"@type\":\"EntryPoint\",\"urlTemplate\":\"https:\\\/\\\/razvojnoinovacionisistem.rs\\\/?s={search_term_string}\"},\"query-input\":{\"@type\":\"PropertyValueSpecification\",\"valueRequired\":true,\"valueName\":\"search_term_string\"}}],\"inLanguage\":\"de\"},{\"@type\":\"Organization\",\"@id\":\"https:\\\/\\\/razvojnoinovacionisistem.rs\\\/#organization\",\"name\":\"\u0420\u0430\u0437\u0432\u043e\u0458\u043d\u043e \u0418\u043d\u043e\u0432\u0430\u0446\u0438\u043e\u043d\u0438 \u0421\u0438\u0441\u0442\u0435\u043c\",\"url\":\"https:\\\/\\\/razvojnoinovacionisistem.rs\\\/\",\"logo\":{\"@type\":\"ImageObject\",\"inLanguage\":\"de\",\"@id\":\"https:\\\/\\\/razvojnoinovacionisistem.rs\\\/#\\\/schema\\\/logo\\\/image\\\/\",\"url\":\"https:\\\/\\\/razvojnoinovacionisistem.rs\\\/wp-content\\\/uploads\\\/2020\\\/09\\\/RIS-Logo-4-1024x308-1.jpg\",\"contentUrl\":\"https:\\\/\\\/razvojnoinovacionisistem.rs\\\/wp-content\\\/uploads\\\/2020\\\/09\\\/RIS-Logo-4-1024x308-1.jpg\",\"width\":1024,\"height\":308,\"caption\":\"\u0420\u0430\u0437\u0432\u043e\u0458\u043d\u043e \u0418\u043d\u043e\u0432\u0430\u0446\u0438\u043e\u043d\u0438 \u0421\u0438\u0441\u0442\u0435\u043c\"},\"image\":{\"@id\":\"https:\\\/\\\/razvojnoinovacionisistem.rs\\\/#\\\/schema\\\/logo\\\/image\\\/\"},\"sameAs\":[\"https:\\\/\\\/www.facebook.com\\\/people\\\/Razvojno-Inovacioni-Sistem\\\/100057052645417\\\/\",\"https:\\\/\\\/www.linkedin.com\\\/company\\\/razvojno-inovacioni-sistem-d-o-o\\\/\"]}]}<\/script>\n<!-- \/ Yoast SEO plugin. -->","yoast_head_json":{"title":"Schutz- und Rettungsplan - Razvojno Inovacioni Sistem","robots":{"index":"index","follow":"follow","max-snippet":"max-snippet:-1","max-image-preview":"max-image-preview:large","max-video-preview":"max-video-preview:-1"},"canonical":"https:\/\/razvojnoinovacionisistem.rs\/schutz-und-rettungsplan\/?lang=de","og_locale":"de_DE","og_type":"article","og_title":"Schutz- und Rettungsplan - Razvojno Inovacioni Sistem","og_description":"Entwicklung- und Inovationsystem GmbH verf\u00fcgt \u00fcber die Zulassung f\u00fcr die Ausfertigung der Katastrophenrisikoabsch\u00e4tzung und hat 7 f\u00fcr die Ausfertigung genannter Dokumente zugelassene Arbeitnehmer. Mit dem Schutz- und Rettungsplan werden Massnahmen und Aktivit\u00e4ten f\u00fcr die Hinderung und Minderung der Folgen von Katastrophen vorgenommen. Der organisierte und koordinierte Vorgang wird zum Ziele des Schutzes und Rettung von [&hellip;]","og_url":"https:\/\/razvojnoinovacionisistem.rs\/schutz-und-rettungsplan\/?lang=de","og_site_name":"Razvojno Inovacioni Sistem","article_publisher":"https:\/\/www.facebook.com\/people\/Razvojno-Inovacioni-Sistem\/100057052645417\/","article_modified_time":"2021-06-21T10:37:53+00:00","og_image":[{"width":1233,"height":647,"url":"https:\/\/razvojnoinovacionisistem.rs\/wp-content\/uploads\/2020\/09\/ris-fb.jpg","type":"image\/jpeg"}],"twitter_card":"summary_large_image","twitter_misc":{"Gesch\u00e4tzte Lesezeit":"3\u00a0Minuten"},"schema":{"@context":"https:\/\/schema.org","@graph":[{"@type":"WebPage","@id":"https:\/\/razvojnoinovacionisistem.rs\/schutz-und-rettungsplan\/?lang=de","url":"https:\/\/razvojnoinovacionisistem.rs\/schutz-und-rettungsplan\/?lang=de","name":"Schutz- und Rettungsplan - Razvojno Inovacioni Sistem","isPartOf":{"@id":"https:\/\/razvojnoinovacionisistem.rs\/#website"},"primaryImageOfPage":{"@id":"https:\/\/razvojnoinovacionisistem.rs\/schutz-und-rettungsplan\/?lang=de#primaryimage"},"image":{"@id":"https:\/\/razvojnoinovacionisistem.rs\/schutz-und-rettungsplan\/?lang=de#primaryimage"},"thumbnailUrl":"https:\/\/razvojnoinovacionisistem.rs\/wp-content\/uploads\/2020\/09\/ris-fb.jpg","datePublished":"2020-09-03T20:08:48+00:00","dateModified":"2021-06-21T10:37:53+00:00","breadcrumb":{"@id":"https:\/\/razvojnoinovacionisistem.rs\/schutz-und-rettungsplan\/?lang=de#breadcrumb"},"inLanguage":"de","potentialAction":[{"@type":"ReadAction","target":["https:\/\/razvojnoinovacionisistem.rs\/schutz-und-rettungsplan\/?lang=de"]}]},{"@type":"ImageObject","inLanguage":"de","@id":"https:\/\/razvojnoinovacionisistem.rs\/schutz-und-rettungsplan\/?lang=de#primaryimage","url":"https:\/\/razvojnoinovacionisistem.rs\/wp-content\/uploads\/2020\/09\/ris-fb.jpg","contentUrl":"https:\/\/razvojnoinovacionisistem.rs\/wp-content\/uploads\/2020\/09\/ris-fb.jpg","width":1233,"height":647},{"@type":"BreadcrumbList","@id":"https:\/\/razvojnoinovacionisistem.rs\/schutz-und-rettungsplan\/?lang=de#breadcrumb","itemListElement":[{"@type":"ListItem","position":1,"name":"\u041f\u043e\u0447\u0435\u0442\u043d\u0430","item":"https:\/\/razvojnoinovacionisistem.rs\/?lang=de"},{"@type":"ListItem","position":2,"name":"Schutz- und Rettungsplan"}]},{"@type":"WebSite","@id":"https:\/\/razvojnoinovacionisistem.rs\/#website","url":"https:\/\/razvojnoinovacionisistem.rs\/","name":"\u0420\u0430\u0437\u0432\u043e\u0458\u043d\u043e \u0418\u043d\u043e\u0432\u0430\u0446\u0438\u043e\u043d\u0438 \u0421\u0438\u0441\u0442\u0435\u043c","description":"","publisher":{"@id":"https:\/\/razvojnoinovacionisistem.rs\/#organization"},"potentialAction":[{"@type":"SearchAction","target":{"@type":"EntryPoint","urlTemplate":"https:\/\/razvojnoinovacionisistem.rs\/?s={search_term_string}"},"query-input":{"@type":"PropertyValueSpecification","valueRequired":true,"valueName":"search_term_string"}}],"inLanguage":"de"},{"@type":"Organization","@id":"https:\/\/razvojnoinovacionisistem.rs\/#organization","name":"\u0420\u0430\u0437\u0432\u043e\u0458\u043d\u043e \u0418\u043d\u043e\u0432\u0430\u0446\u0438\u043e\u043d\u0438 \u0421\u0438\u0441\u0442\u0435\u043c","url":"https:\/\/razvojnoinovacionisistem.rs\/","logo":{"@type":"ImageObject","inLanguage":"de","@id":"https:\/\/razvojnoinovacionisistem.rs\/#\/schema\/logo\/image\/","url":"https:\/\/razvojnoinovacionisistem.rs\/wp-content\/uploads\/2020\/09\/RIS-Logo-4-1024x308-1.jpg","contentUrl":"https:\/\/razvojnoinovacionisistem.rs\/wp-content\/uploads\/2020\/09\/RIS-Logo-4-1024x308-1.jpg","width":1024,"height":308,"caption":"\u0420\u0430\u0437\u0432\u043e\u0458\u043d\u043e \u0418\u043d\u043e\u0432\u0430\u0446\u0438\u043e\u043d\u0438 \u0421\u0438\u0441\u0442\u0435\u043c"},"image":{"@id":"https:\/\/razvojnoinovacionisistem.rs\/#\/schema\/logo\/image\/"},"sameAs":["https:\/\/www.facebook.com\/people\/Razvojno-Inovacioni-Sistem\/100057052645417\/","https:\/\/www.linkedin.com\/company\/razvojno-inovacioni-sistem-d-o-o\/"]}]}},"_links":{"self":[{"href":"https:\/\/razvojnoinovacionisistem.rs\/de\/wp-json\/wp\/v2\/pages\/7669","targetHints":{"allow":["GET"]}}],"collection":[{"href":"https:\/\/razvojnoinovacionisistem.rs\/de\/wp-json\/wp\/v2\/pages"}],"about":[{"href":"https:\/\/razvojnoinovacionisistem.rs\/de\/wp-json\/wp\/v2\/types\/page"}],"author":[{"embeddable":true,"href":"https:\/\/razvojnoinovacionisistem.rs\/de\/wp-json\/wp\/v2\/users\/1"}],"replies":[{"embeddable":true,"href":"https:\/\/razvojnoinovacionisistem.rs\/de\/wp-json\/wp\/v2\/comments?post=7669"}],"version-history":[{"count":0,"href":"https:\/\/razvojnoinovacionisistem.rs\/de\/wp-json\/wp\/v2\/pages\/7669\/revisions"}],"wp:featuredmedia":[{"embeddable":true,"href":"https:\/\/razvojnoinovacionisistem.rs\/de\/wp-json\/wp\/v2\/media\/7453"}],"wp:attachment":[{"href":"https:\/\/razvojnoinovacionisistem.rs\/de\/wp-json\/wp\/v2\/media?parent=7669"}],"curies":[{"name":"wp","href":"https:\/\/api.w.org\/{rel}","templated":true}]}}