{"id":7674,"date":"2020-09-03T22:10:23","date_gmt":"2020-09-03T20:10:23","guid":{"rendered":"https:\/\/razvojnoinovacionisistem.rs\/plan-smanjenja-rizika-od-katastrofa\/"},"modified":"2021-06-01T11:41:01","modified_gmt":"2021-06-01T09:41:01","slug":"katastrophenrsikominderungplan","status":"publish","type":"page","link":"https:\/\/razvojnoinovacionisistem.rs\/de\/katastrophenrsikominderungplan\/","title":{"rendered":"Katastrophenrsikominderungplan"},"content":{"rendered":"\t\t<div data-elementor-type=\"wp-page\" data-elementor-id=\"7674\" class=\"elementor elementor-7674 elementor-5792\">\n\t\t\t\t\t\t<section class=\"elementor-section elementor-top-section elementor-element elementor-element-c58854a elementor-section-full_width qodef-elementor-content-grid elementor-section-height-default elementor-section-height-default\" data-id=\"c58854a\" data-element_type=\"section\" data-e-type=\"section\">\n\t\t\t\t\t\t<div class=\"elementor-container elementor-column-gap-no\">\n\t\t\t\t\t<div class=\"elementor-column elementor-col-100 elementor-top-column elementor-element elementor-element-241b20a4\" data-id=\"241b20a4\" data-element_type=\"column\" data-e-type=\"column\">\n\t\t\t<div class=\"elementor-widget-wrap elementor-element-populated\">\n\t\t\t\t\t\t<div class=\"elementor-element elementor-element-243f3924 elementor-widget elementor-widget-text-editor\" data-id=\"243f3924\" data-element_type=\"widget\" data-e-type=\"widget\" data-widget_type=\"text-editor.default\">\n\t\t\t\t<div class=\"elementor-widget-container\">\n\t\t\t\t\t\t\t\t\t<p>Das Unternehmen Razvojno Inovacioni Sistem d.o.o. besch\u00e4ftigt sich mit der Ausfertigung des Plans f\u00fcr Katastrophenrisikominderung im Einklang mit dem Gesetz \u00fcber Katastrophenrisikominderung und Notfallverwaltung \u201c Amtsblatt RS\u201d, Nr. 87\/2018), Art 16.<\/p><p>Mit dem Plan werden die konkreten-, vorbeugenden-, organisatorischen-, technischen-, finanziellen-, normativen-, aufsichts und Ausbildungsmassnahmen und Aktivit\u00e4ten die die Staatsorgane und andere Subjekte, auf Grund der Sch\u00e4tzung der einzelner Risiken in k\u00fcnftigem Periode und im Ziele der Katastrophenrisikominderung und Linderung deren Nachteile, vorzunehmen haben.<\/p>\t\t\t\t\t\t\t\t<\/div>\n\t\t\t\t<\/div>\n\t\t\t\t\t<\/div>\n\t\t<\/div>\n\t\t\t\t\t<\/div>\n\t\t<\/section>\n\t\t\t\t<section class=\"elementor-section elementor-top-section elementor-element elementor-element-734220e elementor-section-full_width qodef-elementor-content-grid elementor-section-height-default elementor-section-height-default\" data-id=\"734220e\" data-element_type=\"section\" data-e-type=\"section\">\n\t\t\t\t\t\t<div class=\"elementor-container elementor-column-gap-no\">\n\t\t\t\t\t<div class=\"elementor-column elementor-col-100 elementor-top-column elementor-element elementor-element-fe035cc\" data-id=\"fe035cc\" data-element_type=\"column\" data-e-type=\"column\">\n\t\t\t<div class=\"elementor-widget-wrap elementor-element-populated\">\n\t\t\t\t\t\t<div class=\"elementor-element elementor-element-3f4f8d6 elementor-widget elementor-widget-text-editor\" data-id=\"3f4f8d6\" data-element_type=\"widget\" data-e-type=\"widget\" data-widget_type=\"text-editor.default\">\n\t\t\t\t<div class=\"elementor-widget-container\">\n\t\t\t\t\t\t\t\t\t<p>Der Katastrophenrisikominderungsplan wird ausgefertigt und erlassen f\u00fcr das Territorium Republik Serbiens, L\u00e4nder (Landesplan f\u00fcr Katastrophenrisikominderung) und Einheiten der Lokalen Selbsverwaltung (Lokaler Plan der Katastrophenrisikominderung).<\/p>\t\t\t\t\t\t\t\t<\/div>\n\t\t\t\t<\/div>\n\t\t\t\t\t<\/div>\n\t\t<\/div>\n\t\t\t\t\t<\/div>\n\t\t<\/section>\n\t\t\t\t<section class=\"elementor-section elementor-top-section elementor-element elementor-element-4725e15 elementor-section-full_width qodef-elementor-content-grid elementor-section-height-default elementor-section-height-default\" data-id=\"4725e15\" data-element_type=\"section\" data-e-type=\"section\">\n\t\t\t\t\t\t<div class=\"elementor-container elementor-column-gap-no\">\n\t\t\t\t\t<div class=\"elementor-column elementor-col-100 elementor-top-column elementor-element elementor-element-45094db\" data-id=\"45094db\" data-element_type=\"column\" data-e-type=\"column\">\n\t\t\t<div class=\"elementor-widget-wrap elementor-element-populated\">\n\t\t\t\t\t\t<div class=\"elementor-element elementor-element-0801d21 elementor-widget elementor-widget-text-editor\" data-id=\"0801d21\" data-element_type=\"widget\" data-e-type=\"widget\" data-widget_type=\"text-editor.default\">\n\t\t\t\t<div class=\"elementor-widget-container\">\n\t\t\t\t\t\t\t\t\t<h3>Ausfertigungsebenen<\/h3>\t\t\t\t\t\t\t\t<\/div>\n\t\t\t\t<\/div>\n\t\t\t\t\t<\/div>\n\t\t<\/div>\n\t\t\t\t\t<\/div>\n\t\t<\/section>\n\t\t\t\t<section class=\"elementor-section elementor-top-section elementor-element elementor-element-d582ab3 elementor-section-full_width qodef-elementor-content-grid elementor-section-height-default elementor-section-height-default\" data-id=\"d582ab3\" data-element_type=\"section\" data-e-type=\"section\">\n\t\t\t\t\t\t<div class=\"elementor-container elementor-column-gap-no\">\n\t\t\t\t\t<div class=\"elementor-column elementor-col-33 elementor-top-column elementor-element elementor-element-47a3db3\" data-id=\"47a3db3\" data-element_type=\"column\" data-e-type=\"column\">\n\t\t\t<div class=\"elementor-widget-wrap elementor-element-populated\">\n\t\t\t\t\t\t<div class=\"elementor-element elementor-element-fe340b7 elementor-widget elementor-widget-text-editor\" data-id=\"fe340b7\" data-element_type=\"widget\" data-e-type=\"widget\" data-widget_type=\"text-editor.default\">\n\t\t\t\t<div class=\"elementor-widget-container\">\n\t\t\t\t\t\t\t\t\t<h4>Republik Serbien<\/h4><h5>Nationalplan f\u00fcr<br \/>Katastrophenrisikominderung<\/h5>\t\t\t\t\t\t\t\t<\/div>\n\t\t\t\t<\/div>\n\t\t\t\t\t<\/div>\n\t\t<\/div>\n\t\t\t\t<div class=\"elementor-column elementor-col-33 elementor-top-column elementor-element elementor-element-5b081d9\" data-id=\"5b081d9\" data-element_type=\"column\" data-e-type=\"column\">\n\t\t\t<div class=\"elementor-widget-wrap elementor-element-populated\">\n\t\t\t\t\t\t<div class=\"elementor-element elementor-element-c810aa0 elementor-widget elementor-widget-text-editor\" data-id=\"c810aa0\" data-element_type=\"widget\" data-e-type=\"widget\" data-widget_type=\"text-editor.default\">\n\t\t\t\t<div class=\"elementor-widget-container\">\n\t\t\t\t\t\t\t\t\t<h4>Land<\/h4><h5>Landesplan f\u00fcr <br \/>Katastrophenrisikominderung<\/h5>\t\t\t\t\t\t\t\t<\/div>\n\t\t\t\t<\/div>\n\t\t\t\t\t<\/div>\n\t\t<\/div>\n\t\t\t\t<div class=\"elementor-column elementor-col-33 elementor-top-column elementor-element elementor-element-286b5a6\" data-id=\"286b5a6\" data-element_type=\"column\" data-e-type=\"column\">\n\t\t\t<div class=\"elementor-widget-wrap elementor-element-populated\">\n\t\t\t\t\t\t<div class=\"elementor-element elementor-element-5c904e5 elementor-widget elementor-widget-text-editor\" data-id=\"5c904e5\" data-element_type=\"widget\" data-e-type=\"widget\" data-widget_type=\"text-editor.default\">\n\t\t\t\t<div class=\"elementor-widget-container\">\n\t\t\t\t\t\t\t\t\t<h4>Selbstverwaltungseinheit<\/h4><h5>Lokaler <br \/>Katastrophenrisikominderung<\/h5>\t\t\t\t\t\t\t\t<\/div>\n\t\t\t\t<\/div>\n\t\t\t\t\t<\/div>\n\t\t<\/div>\n\t\t\t\t\t<\/div>\n\t\t<\/section>\n\t\t\t\t<section class=\"elementor-section elementor-top-section elementor-element elementor-element-dfb59ad elementor-section-full_width qodef-elementor-content-grid elementor-section-height-default elementor-section-height-default\" data-id=\"dfb59ad\" data-element_type=\"section\" data-e-type=\"section\">\n\t\t\t\t\t\t<div class=\"elementor-container elementor-column-gap-no\">\n\t\t\t\t\t<div class=\"elementor-column elementor-col-100 elementor-top-column elementor-element elementor-element-9dd9339\" data-id=\"9dd9339\" data-element_type=\"column\" data-e-type=\"column\">\n\t\t\t<div class=\"elementor-widget-wrap elementor-element-populated\">\n\t\t\t\t\t\t<div class=\"elementor-element elementor-element-9c12b5b elementor-widget elementor-widget-text-editor\" data-id=\"9c12b5b\" data-element_type=\"widget\" data-e-type=\"widget\" data-widget_type=\"text-editor.default\">\n\t\t\t\t<div class=\"elementor-widget-container\">\n\t\t\t\t\t\t\t\t\t<p>Ziel des Katastrophenrisikominderungplans ist dass in umfangreicher Art alle Systemsubjekte an einem Territorium miteinzubeziehen, um zu planen und Massnhamen und Aktivit\u00e4ten durch zu setzen, usowie die Aktivit\u00e4ten und finanzielle Mittel am betroffenen Territorium mit dem Ziel einzusetzen dass auf eine Katastrophe ad\u00e4quat reagiert werden kann und dass die Lage in den vorigen Stand schnell wiedergesetzt wird, unter Anwendung der Massnahmen zur St\u00e4rkung der Resistenz auf Klimaver\u00e4nderungen.<\/p>\t\t\t\t\t\t\t\t<\/div>\n\t\t\t\t<\/div>\n\t\t\t\t\t<\/div>\n\t\t<\/div>\n\t\t\t\t\t<\/div>\n\t\t<\/section>\n\t\t\t\t<section class=\"elementor-section elementor-top-section elementor-element elementor-element-60cddd0 elementor-section-full_width qodef-elementor-content-grid elementor-section-height-default elementor-section-height-default\" data-id=\"60cddd0\" data-element_type=\"section\" data-e-type=\"section\">\n\t\t\t\t\t\t<div class=\"elementor-container elementor-column-gap-no\">\n\t\t\t\t\t<div class=\"elementor-column elementor-col-100 elementor-top-column elementor-element elementor-element-7020386\" data-id=\"7020386\" data-element_type=\"column\" data-e-type=\"column\">\n\t\t\t<div class=\"elementor-widget-wrap elementor-element-populated\">\n\t\t\t\t\t\t<div class=\"elementor-element elementor-element-c423709 elementor-widget elementor-widget-stal_core_section_title\" data-id=\"c423709\" data-element_type=\"widget\" data-e-type=\"widget\" data-widget_type=\"stal_core_section_title.default\">\n\t\t\t\t<div class=\"elementor-widget-container\">\n\t\t\t\t\t<div class=\"qodef-shortcode qodef-m  qodef-section-title qodef-alignment--left  \">\n\t\t<div class=\"qodef-m-title-wrap\">\n\t\t<h2 class=\"qodef-m-title\" >\n\t\t\t\t\tFAQ Bereich\t\t\t<\/h2>\n\t\n\t<\/div>\n\t<\/div>\t\t\t\t<\/div>\n\t\t\t\t<\/div>\n\t\t\t\t<div class=\"elementor-element elementor-element-034dc62 elementor-widget elementor-widget-stal_core_accordion\" data-id=\"034dc62\" data-element_type=\"widget\" data-e-type=\"widget\" data-widget_type=\"stal_core_accordion.default\">\n\t\t\t\t<div class=\"elementor-widget-container\">\n\t\t\t\t\t<div class=\"qodef-shortcode qodef-m  qodef-accordion clear qodef-behavior--accordion qodef-layout--simple\">\n\t<h5 class=\"qodef-accordion-title\">\n\t<span class=\"qodef-tab-title\">\n\t\tWas ist der Katastrophenrisikominderungsplan?\t<\/span>\n\t<span class=\"qodef-accordion-mark\">\n\t\t<span class=\"qodef-icon\"><\/span>\n\t<\/span>\n<\/h5>\n<div class=\"qodef-accordion-content\">\n\t<div class=\"qodef-accordion-content-inner\">\n\t\t<p>Mit dem Plan werden die konkreten-, vorbeugenden-, organisatorischen-, technischen-, finanziellen-, normativen-, aufsichts und Ausbildungsmassnahmen und Aktivit\u00e4ten die die Staatsorgane und andere Subjekte, auf Grund der Sch\u00e4tzung der einzelner Risiken in k\u00fcnftigem Periode und im Ziele der Katastrophenrisikominderung und Linderung deren Nachteile, vorzunehmen haben.<\/p>\t<\/div>\n<\/div><h5 class=\"qodef-accordion-title\">\n\t<span class=\"qodef-tab-title\">\n\t\tWelches Gesetz reguliert dieses Gebiet?\t<\/span>\n\t<span class=\"qodef-accordion-mark\">\n\t\t<span class=\"qodef-icon\"><\/span>\n\t<\/span>\n<\/h5>\n<div class=\"qodef-accordion-content\">\n\t<div class=\"qodef-accordion-content-inner\">\n\t\t<p>Der Plan zur Katastrophenrisikominderung wird auf Grund des Gesetzes \u00fcber Katastrophenfallminderung und Notfallverwaltung (\u201cAmtsblatt RS\u201d, Nr. 87\/2018) erlassen.<\/p>\t<\/div>\n<\/div><h5 class=\"qodef-accordion-title\">\n\t<span class=\"qodef-tab-title\">\n\t\tWer ist verpflichtet dieses Dokument zu haben?\t<\/span>\n\t<span class=\"qodef-accordion-mark\">\n\t\t<span class=\"qodef-icon\"><\/span>\n\t<\/span>\n<\/h5>\n<div class=\"qodef-accordion-content\">\n\t<div class=\"qodef-accordion-content-inner\">\n\t\t<p>Katastrophenrisikominderungsplan wird ausgefertigt und erlassen f\u00fcr das Territorium Republik Serbiens (Nationalplan f\u00fcr Katastrophenrisikominderung), L\u00e4nder und Selbstverwaltungseinheiten.<\/p>\t<\/div>\n<\/div><h5 class=\"qodef-accordion-title\">\n\t<span class=\"qodef-tab-title\">\n\t\tWie lange gilt der Katastrophenrisikominderungplan?\t<\/span>\n\t<span class=\"qodef-accordion-mark\">\n\t\t<span class=\"qodef-icon\"><\/span>\n\t<\/span>\n<\/h5>\n<div class=\"qodef-accordion-content\">\n\t<div class=\"qodef-accordion-content-inner\">\n\t\t<p>Pl\u00e4ne werden fur das Periode von drei Jahren erlassen.<\/p>\t<\/div>\n<\/div><h5 class=\"qodef-accordion-title\">\n\t<span class=\"qodef-tab-title\">\n\t\tVorgesehene Strafen\t<\/span>\n\t<span class=\"qodef-accordion-mark\">\n\t\t<span class=\"qodef-icon\"><\/span>\n\t<\/span>\n<\/h5>\n<div class=\"qodef-accordion-content\">\n\t<div class=\"qodef-accordion-content-inner\">\n\t\t<p>Das Gesetz \u00fcber die Katastrophenrisikominderung und Notfallverwaltung (\u201cAmtsblatt RS\u201d, Nr. 87\/2018) sieht folgende Strafen auf diesem Gebiet vor:<\/p><p>Mit Geldstrafe in H\u00f6he von 50.000 bis 100.000 RSD wird die zust\u00e4ndige Person im Staatsorgan, Landesorgan, oder Organ der Selbsverwaltung oder Stadtbezirk bestraft, wenn:<\/p><ol><li>Er die Absch\u00e4tzung\u00fcber Katastrophenrisiko nicht ausfertigt, den Katastrophenrisikominderungsplan nicht erl\u00e4sst, bzw den Schutz- und Rettungsplan nicht erl\u00e4sst (Art 28. Abs 1, Z. 7 und Art 29. Abs 1. Z 2).<\/li><\/ol>\t<\/div>\n<\/div><\/div>\t\t\t\t<\/div>\n\t\t\t\t<\/div>\n\t\t\t\t\t<\/div>\n\t\t<\/div>\n\t\t\t\t\t<\/div>\n\t\t<\/section>\n\t\t\t\t<\/div>\n\t\t","protected":false},"excerpt":{"rendered":"<p>Das Unternehmen Razvojno Inovacioni Sistem d.o.o. besch\u00e4ftigt sich mit der Ausfertigung des Plans f\u00fcr Katastrophenrisikominderung im Einklang mit dem Gesetz \u00fcber Katastrophenrisikominderung und Notfallverwaltung \u201c Amtsblatt RS\u201d, Nr. 87\/2018), Art 16. Mit dem Plan werden die konkreten-, vorbeugenden-, organisatorischen-, technischen-, finanziellen-, normativen-, aufsichts und Ausbildungsmassnahmen und Aktivit\u00e4ten die die Staatsorgane und andere Subjekte, auf Grund [&hellip;]<\/p>\n","protected":false},"author":1,"featured_media":7453,"parent":0,"menu_order":0,"comment_status":"closed","ping_status":"closed","template":"page-full-width.php","meta":{"footnotes":""},"class_list":["post-7674","page","type-page","status-publish","has-post-thumbnail","hentry"],"yoast_head":"<!-- This site is optimized with the Yoast SEO plugin v27.4 - https:\/\/yoast.com\/product\/yoast-seo-wordpress\/ -->\n<title>Katastrophenrsikominderungplan - Razvojno Inovacioni Sistem<\/title>\n<meta name=\"robots\" content=\"index, follow, max-snippet:-1, max-image-preview:large, max-video-preview:-1\" \/>\n<link rel=\"canonical\" href=\"https:\/\/razvojnoinovacionisistem.rs\/katastrophenrsikominderungplan\/?lang=de\" \/>\n<meta property=\"og:locale\" content=\"de_DE\" \/>\n<meta property=\"og:type\" content=\"article\" \/>\n<meta property=\"og:title\" content=\"Katastrophenrsikominderungplan - Razvojno Inovacioni Sistem\" \/>\n<meta property=\"og:description\" content=\"Das Unternehmen Razvojno Inovacioni Sistem d.o.o. besch\u00e4ftigt sich mit der Ausfertigung des Plans f\u00fcr Katastrophenrisikominderung im Einklang mit dem Gesetz \u00fcber Katastrophenrisikominderung und Notfallverwaltung \u201c Amtsblatt RS\u201d, Nr. 87\/2018), Art 16. Mit dem Plan werden die konkreten-, vorbeugenden-, organisatorischen-, technischen-, finanziellen-, normativen-, aufsichts und Ausbildungsmassnahmen und Aktivit\u00e4ten die die Staatsorgane und andere Subjekte, auf Grund [&hellip;]\" \/>\n<meta property=\"og:url\" content=\"https:\/\/razvojnoinovacionisistem.rs\/katastrophenrsikominderungplan\/?lang=de\" \/>\n<meta property=\"og:site_name\" content=\"Razvojno Inovacioni Sistem\" \/>\n<meta property=\"article:publisher\" content=\"https:\/\/www.facebook.com\/people\/Razvojno-Inovacioni-Sistem\/100057052645417\/\" \/>\n<meta property=\"article:modified_time\" content=\"2021-06-01T09:41:01+00:00\" \/>\n<meta property=\"og:image\" content=\"https:\/\/razvojnoinovacionisistem.rs\/wp-content\/uploads\/2020\/09\/ris-fb.jpg\" \/>\n\t<meta property=\"og:image:width\" content=\"1233\" \/>\n\t<meta property=\"og:image:height\" content=\"647\" \/>\n\t<meta property=\"og:image:type\" content=\"image\/jpeg\" \/>\n<meta name=\"twitter:card\" content=\"summary_large_image\" \/>\n<meta name=\"twitter:label1\" content=\"Gesch\u00e4tzte Lesezeit\" \/>\n\t<meta name=\"twitter:data1\" content=\"2\u00a0Minuten\" \/>\n<script type=\"application\/ld+json\" class=\"yoast-schema-graph\">{\"@context\":\"https:\\\/\\\/schema.org\",\"@graph\":[{\"@type\":\"WebPage\",\"@id\":\"https:\\\/\\\/razvojnoinovacionisistem.rs\\\/katastrophenrsikominderungplan\\\/?lang=de\",\"url\":\"https:\\\/\\\/razvojnoinovacionisistem.rs\\\/katastrophenrsikominderungplan\\\/?lang=de\",\"name\":\"Katastrophenrsikominderungplan - Razvojno Inovacioni Sistem\",\"isPartOf\":{\"@id\":\"https:\\\/\\\/razvojnoinovacionisistem.rs\\\/#website\"},\"primaryImageOfPage\":{\"@id\":\"https:\\\/\\\/razvojnoinovacionisistem.rs\\\/katastrophenrsikominderungplan\\\/?lang=de#primaryimage\"},\"image\":{\"@id\":\"https:\\\/\\\/razvojnoinovacionisistem.rs\\\/katastrophenrsikominderungplan\\\/?lang=de#primaryimage\"},\"thumbnailUrl\":\"https:\\\/\\\/razvojnoinovacionisistem.rs\\\/wp-content\\\/uploads\\\/2020\\\/09\\\/ris-fb.jpg\",\"datePublished\":\"2020-09-03T20:10:23+00:00\",\"dateModified\":\"2021-06-01T09:41:01+00:00\",\"breadcrumb\":{\"@id\":\"https:\\\/\\\/razvojnoinovacionisistem.rs\\\/katastrophenrsikominderungplan\\\/?lang=de#breadcrumb\"},\"inLanguage\":\"de\",\"potentialAction\":[{\"@type\":\"ReadAction\",\"target\":[\"https:\\\/\\\/razvojnoinovacionisistem.rs\\\/katastrophenrsikominderungplan\\\/?lang=de\"]}]},{\"@type\":\"ImageObject\",\"inLanguage\":\"de\",\"@id\":\"https:\\\/\\\/razvojnoinovacionisistem.rs\\\/katastrophenrsikominderungplan\\\/?lang=de#primaryimage\",\"url\":\"https:\\\/\\\/razvojnoinovacionisistem.rs\\\/wp-content\\\/uploads\\\/2020\\\/09\\\/ris-fb.jpg\",\"contentUrl\":\"https:\\\/\\\/razvojnoinovacionisistem.rs\\\/wp-content\\\/uploads\\\/2020\\\/09\\\/ris-fb.jpg\",\"width\":1233,\"height\":647},{\"@type\":\"BreadcrumbList\",\"@id\":\"https:\\\/\\\/razvojnoinovacionisistem.rs\\\/katastrophenrsikominderungplan\\\/?lang=de#breadcrumb\",\"itemListElement\":[{\"@type\":\"ListItem\",\"position\":1,\"name\":\"\u041f\u043e\u0447\u0435\u0442\u043d\u0430\",\"item\":\"https:\\\/\\\/razvojnoinovacionisistem.rs\\\/?lang=de\"},{\"@type\":\"ListItem\",\"position\":2,\"name\":\"Katastrophenrsikominderungplan\"}]},{\"@type\":\"WebSite\",\"@id\":\"https:\\\/\\\/razvojnoinovacionisistem.rs\\\/#website\",\"url\":\"https:\\\/\\\/razvojnoinovacionisistem.rs\\\/\",\"name\":\"\u0420\u0430\u0437\u0432\u043e\u0458\u043d\u043e \u0418\u043d\u043e\u0432\u0430\u0446\u0438\u043e\u043d\u0438 \u0421\u0438\u0441\u0442\u0435\u043c\",\"description\":\"\",\"publisher\":{\"@id\":\"https:\\\/\\\/razvojnoinovacionisistem.rs\\\/#organization\"},\"potentialAction\":[{\"@type\":\"SearchAction\",\"target\":{\"@type\":\"EntryPoint\",\"urlTemplate\":\"https:\\\/\\\/razvojnoinovacionisistem.rs\\\/?s={search_term_string}\"},\"query-input\":{\"@type\":\"PropertyValueSpecification\",\"valueRequired\":true,\"valueName\":\"search_term_string\"}}],\"inLanguage\":\"de\"},{\"@type\":\"Organization\",\"@id\":\"https:\\\/\\\/razvojnoinovacionisistem.rs\\\/#organization\",\"name\":\"\u0420\u0430\u0437\u0432\u043e\u0458\u043d\u043e \u0418\u043d\u043e\u0432\u0430\u0446\u0438\u043e\u043d\u0438 \u0421\u0438\u0441\u0442\u0435\u043c\",\"url\":\"https:\\\/\\\/razvojnoinovacionisistem.rs\\\/\",\"logo\":{\"@type\":\"ImageObject\",\"inLanguage\":\"de\",\"@id\":\"https:\\\/\\\/razvojnoinovacionisistem.rs\\\/#\\\/schema\\\/logo\\\/image\\\/\",\"url\":\"https:\\\/\\\/razvojnoinovacionisistem.rs\\\/wp-content\\\/uploads\\\/2020\\\/09\\\/RIS-Logo-4-1024x308-1.jpg\",\"contentUrl\":\"https:\\\/\\\/razvojnoinovacionisistem.rs\\\/wp-content\\\/uploads\\\/2020\\\/09\\\/RIS-Logo-4-1024x308-1.jpg\",\"width\":1024,\"height\":308,\"caption\":\"\u0420\u0430\u0437\u0432\u043e\u0458\u043d\u043e \u0418\u043d\u043e\u0432\u0430\u0446\u0438\u043e\u043d\u0438 \u0421\u0438\u0441\u0442\u0435\u043c\"},\"image\":{\"@id\":\"https:\\\/\\\/razvojnoinovacionisistem.rs\\\/#\\\/schema\\\/logo\\\/image\\\/\"},\"sameAs\":[\"https:\\\/\\\/www.facebook.com\\\/people\\\/Razvojno-Inovacioni-Sistem\\\/100057052645417\\\/\",\"https:\\\/\\\/www.linkedin.com\\\/company\\\/razvojno-inovacioni-sistem-d-o-o\\\/\"]}]}<\/script>\n<!-- \/ Yoast SEO plugin. -->","yoast_head_json":{"title":"Katastrophenrsikominderungplan - Razvojno Inovacioni Sistem","robots":{"index":"index","follow":"follow","max-snippet":"max-snippet:-1","max-image-preview":"max-image-preview:large","max-video-preview":"max-video-preview:-1"},"canonical":"https:\/\/razvojnoinovacionisistem.rs\/katastrophenrsikominderungplan\/?lang=de","og_locale":"de_DE","og_type":"article","og_title":"Katastrophenrsikominderungplan - Razvojno Inovacioni Sistem","og_description":"Das Unternehmen Razvojno Inovacioni Sistem d.o.o. besch\u00e4ftigt sich mit der Ausfertigung des Plans f\u00fcr Katastrophenrisikominderung im Einklang mit dem Gesetz \u00fcber Katastrophenrisikominderung und Notfallverwaltung \u201c Amtsblatt RS\u201d, Nr. 87\/2018), Art 16. Mit dem Plan werden die konkreten-, vorbeugenden-, organisatorischen-, technischen-, finanziellen-, normativen-, aufsichts und Ausbildungsmassnahmen und Aktivit\u00e4ten die die Staatsorgane und andere Subjekte, auf Grund [&hellip;]","og_url":"https:\/\/razvojnoinovacionisistem.rs\/katastrophenrsikominderungplan\/?lang=de","og_site_name":"Razvojno Inovacioni Sistem","article_publisher":"https:\/\/www.facebook.com\/people\/Razvojno-Inovacioni-Sistem\/100057052645417\/","article_modified_time":"2021-06-01T09:41:01+00:00","og_image":[{"width":1233,"height":647,"url":"https:\/\/razvojnoinovacionisistem.rs\/wp-content\/uploads\/2020\/09\/ris-fb.jpg","type":"image\/jpeg"}],"twitter_card":"summary_large_image","twitter_misc":{"Gesch\u00e4tzte Lesezeit":"2\u00a0Minuten"},"schema":{"@context":"https:\/\/schema.org","@graph":[{"@type":"WebPage","@id":"https:\/\/razvojnoinovacionisistem.rs\/katastrophenrsikominderungplan\/?lang=de","url":"https:\/\/razvojnoinovacionisistem.rs\/katastrophenrsikominderungplan\/?lang=de","name":"Katastrophenrsikominderungplan - Razvojno Inovacioni Sistem","isPartOf":{"@id":"https:\/\/razvojnoinovacionisistem.rs\/#website"},"primaryImageOfPage":{"@id":"https:\/\/razvojnoinovacionisistem.rs\/katastrophenrsikominderungplan\/?lang=de#primaryimage"},"image":{"@id":"https:\/\/razvojnoinovacionisistem.rs\/katastrophenrsikominderungplan\/?lang=de#primaryimage"},"thumbnailUrl":"https:\/\/razvojnoinovacionisistem.rs\/wp-content\/uploads\/2020\/09\/ris-fb.jpg","datePublished":"2020-09-03T20:10:23+00:00","dateModified":"2021-06-01T09:41:01+00:00","breadcrumb":{"@id":"https:\/\/razvojnoinovacionisistem.rs\/katastrophenrsikominderungplan\/?lang=de#breadcrumb"},"inLanguage":"de","potentialAction":[{"@type":"ReadAction","target":["https:\/\/razvojnoinovacionisistem.rs\/katastrophenrsikominderungplan\/?lang=de"]}]},{"@type":"ImageObject","inLanguage":"de","@id":"https:\/\/razvojnoinovacionisistem.rs\/katastrophenrsikominderungplan\/?lang=de#primaryimage","url":"https:\/\/razvojnoinovacionisistem.rs\/wp-content\/uploads\/2020\/09\/ris-fb.jpg","contentUrl":"https:\/\/razvojnoinovacionisistem.rs\/wp-content\/uploads\/2020\/09\/ris-fb.jpg","width":1233,"height":647},{"@type":"BreadcrumbList","@id":"https:\/\/razvojnoinovacionisistem.rs\/katastrophenrsikominderungplan\/?lang=de#breadcrumb","itemListElement":[{"@type":"ListItem","position":1,"name":"\u041f\u043e\u0447\u0435\u0442\u043d\u0430","item":"https:\/\/razvojnoinovacionisistem.rs\/?lang=de"},{"@type":"ListItem","position":2,"name":"Katastrophenrsikominderungplan"}]},{"@type":"WebSite","@id":"https:\/\/razvojnoinovacionisistem.rs\/#website","url":"https:\/\/razvojnoinovacionisistem.rs\/","name":"\u0420\u0430\u0437\u0432\u043e\u0458\u043d\u043e \u0418\u043d\u043e\u0432\u0430\u0446\u0438\u043e\u043d\u0438 \u0421\u0438\u0441\u0442\u0435\u043c","description":"","publisher":{"@id":"https:\/\/razvojnoinovacionisistem.rs\/#organization"},"potentialAction":[{"@type":"SearchAction","target":{"@type":"EntryPoint","urlTemplate":"https:\/\/razvojnoinovacionisistem.rs\/?s={search_term_string}"},"query-input":{"@type":"PropertyValueSpecification","valueRequired":true,"valueName":"search_term_string"}}],"inLanguage":"de"},{"@type":"Organization","@id":"https:\/\/razvojnoinovacionisistem.rs\/#organization","name":"\u0420\u0430\u0437\u0432\u043e\u0458\u043d\u043e \u0418\u043d\u043e\u0432\u0430\u0446\u0438\u043e\u043d\u0438 \u0421\u0438\u0441\u0442\u0435\u043c","url":"https:\/\/razvojnoinovacionisistem.rs\/","logo":{"@type":"ImageObject","inLanguage":"de","@id":"https:\/\/razvojnoinovacionisistem.rs\/#\/schema\/logo\/image\/","url":"https:\/\/razvojnoinovacionisistem.rs\/wp-content\/uploads\/2020\/09\/RIS-Logo-4-1024x308-1.jpg","contentUrl":"https:\/\/razvojnoinovacionisistem.rs\/wp-content\/uploads\/2020\/09\/RIS-Logo-4-1024x308-1.jpg","width":1024,"height":308,"caption":"\u0420\u0430\u0437\u0432\u043e\u0458\u043d\u043e \u0418\u043d\u043e\u0432\u0430\u0446\u0438\u043e\u043d\u0438 \u0421\u0438\u0441\u0442\u0435\u043c"},"image":{"@id":"https:\/\/razvojnoinovacionisistem.rs\/#\/schema\/logo\/image\/"},"sameAs":["https:\/\/www.facebook.com\/people\/Razvojno-Inovacioni-Sistem\/100057052645417\/","https:\/\/www.linkedin.com\/company\/razvojno-inovacioni-sistem-d-o-o\/"]}]}},"_links":{"self":[{"href":"https:\/\/razvojnoinovacionisistem.rs\/de\/wp-json\/wp\/v2\/pages\/7674","targetHints":{"allow":["GET"]}}],"collection":[{"href":"https:\/\/razvojnoinovacionisistem.rs\/de\/wp-json\/wp\/v2\/pages"}],"about":[{"href":"https:\/\/razvojnoinovacionisistem.rs\/de\/wp-json\/wp\/v2\/types\/page"}],"author":[{"embeddable":true,"href":"https:\/\/razvojnoinovacionisistem.rs\/de\/wp-json\/wp\/v2\/users\/1"}],"replies":[{"embeddable":true,"href":"https:\/\/razvojnoinovacionisistem.rs\/de\/wp-json\/wp\/v2\/comments?post=7674"}],"version-history":[{"count":0,"href":"https:\/\/razvojnoinovacionisistem.rs\/de\/wp-json\/wp\/v2\/pages\/7674\/revisions"}],"wp:featuredmedia":[{"embeddable":true,"href":"https:\/\/razvojnoinovacionisistem.rs\/de\/wp-json\/wp\/v2\/media\/7453"}],"wp:attachment":[{"href":"https:\/\/razvojnoinovacionisistem.rs\/de\/wp-json\/wp\/v2\/media?parent=7674"}],"curies":[{"name":"wp","href":"https:\/\/api.w.org\/{rel}","templated":true}]}}