{"id":7691,"date":"2020-09-03T22:11:41","date_gmt":"2020-09-03T20:11:41","guid":{"rendered":"https:\/\/razvojnoinovacionisistem.rs\/procena-rizika-u-zastiti-lica-imovine-i-poslovanja\/"},"modified":"2021-06-01T11:42:16","modified_gmt":"2021-06-01T09:42:16","slug":"risikoabschaetzung-im-schutze-von-personen-eigentum-und-geschaefte","status":"publish","type":"page","link":"https:\/\/razvojnoinovacionisistem.rs\/de\/risikoabschaetzung-im-schutze-von-personen-eigentum-und-geschaefte\/","title":{"rendered":"Risikoabsch\u00e4tzung im Schutze von Personen, Eigentum und Gesch\u00e4fte"},"content":{"rendered":"\t\t<div data-elementor-type=\"wp-page\" data-elementor-id=\"7691\" class=\"elementor elementor-7691 elementor-5796\">\n\t\t\t\t\t\t<section class=\"elementor-section elementor-top-section elementor-element elementor-element-487498be elementor-section-full_width elementor-section-height-default elementor-section-height-default qodef-elementor-content-no\" data-id=\"487498be\" data-element_type=\"section\" data-e-type=\"section\">\n\t\t\t\t\t\t<div class=\"elementor-container elementor-column-gap-no\">\n\t\t\t\t\t<div class=\"elementor-column elementor-col-100 elementor-top-column elementor-element elementor-element-3198b7c2\" data-id=\"3198b7c2\" data-element_type=\"column\" data-e-type=\"column\">\n\t\t\t<div class=\"elementor-widget-wrap elementor-element-populated\">\n\t\t\t\t\t\t<div class=\"elementor-element elementor-element-24e2982c elementor-widget elementor-widget-text-editor\" data-id=\"24e2982c\" data-element_type=\"widget\" data-e-type=\"widget\" data-widget_type=\"text-editor.default\">\n\t\t\t\t<div class=\"elementor-widget-container\">\n\t\t\t\t\t\t\t\t\t<p>Razvojno Inovacioni Sistem d.o.o bietet die Ausfertigung des Aktes \u00fcber die Risikoabsch\u00e4tzung im Schutze von Personen, Eigentum und Gesch\u00e4fte. Es hat eine Lizenz f\u00fcr die Durchf\u00fchrung von Gesch\u00e4fte der Risikoabsch\u00e4tzung im Schutze von Personen, Eigentum und Gesch\u00e4fte, erlassen vom Ministerium f\u00fcr innere Angelegenheiten.<\/p><p>Akt \u00fcber die Absch\u00e4tzung im Schutze von Personen, Eigentum und Gesch\u00e4fte ist ein prim\u00e4res und Ausgangsdokument im Zuge der Ausbau eines jeden Gesch\u00e4fts- und Sozialsystems. Ziel der Ausfertigung dieses Aktes ist die Schaffung eines \u00dcberblicks aller potentiellen Gef\u00e4hrungen f\u00fcr Menschen, Eigentum, Gesch\u00e4fte, Identifizierung und Risikowertung, sowie die Empfehlung konkreter Massnahmen und Beurteilung der Effektivit\u00e4t bereits durchgef\u00fchrter Massnahmen.<\/p><p>Ein in hoher Qualit\u00e4t ausfertigter Akt \u00fcber die Absch\u00e4tzung des Risikos im Schutze von Personen, Eigentum und Gesch\u00e4fte, garantiert hohe Ergebnisse im Aufbau des Sicherheitssystems ihres Unternehmens, sowie erfolgreiches Durchf\u00fchren der Ziele auf langfristem Niveau. Der Akt bietet L\u00f6sungen die st\u00e4rken das Niveau des Unternehmens auf allen Ebenen, und in erster Linie auf wirtschaftlihcer Ebene durch Minderung potentieller materieller Nachteile oder Lebensverluste. Jede Organisation bekommt somit ein vielf\u00e4ltiges, wertvolles Dokument das den Ausgangspunkt f\u00fcr den Ausbau des Systems der Sicherheitsverwaltung Ihrer Gesch\u00e4fte ausmacht.<\/p><p>Akt \u00fcber die Risikoabsch\u00e4tzung im Schutze der Menschen und Gesch\u00e4fte ist eine gesetzliche Verpflichtung eines jeden Subjekts im \u00f6ffentlichen Bereich oder Privatwirtschaftsbereich, definiert durch das Gesetz \u00fcber private Sicherheit( \u201c Amtsblatt RS\u201d, Nr. 104\/2013, 42\/2015 und 87\/2018) und durch Art 3 der Verordnung \u00fcber die n\u00e4heren Kriterien f\u00fcr die Bestimmung bestimmter Objekten ( \u201c Amtsblatt RS\u201d, Nr. 98\/2016), die irgendeine Art des physischen oder technischen Schutzes verwenden, bzw. die Schutzdienstleistungen durch Dritte oder die \u00fcber eigene Ressourcen f\u00fcr den Schutz der Personen und des Eigentums in der Funktion des Sch\u00fctzes von Gesch\u00e4ften. Dem Gesetz \u00fcber private Sicherheit entsprechend ist die Verpflichtung der Wirtschaftsgesellschaften definiert die Risikoabsch\u00e4tzung als basisches Dokument, das weiteren Handlungen, sowie die Planung des technischen Schutzes, projektieren, Durchf\u00fchrung, Aufsicht, Wartung und Instandhaltung von Ger\u00e4ten des technischen Schutzes, zu realisieren.<\/p><p>Risikoabsch\u00e4tzung im Schutze von Personen, Eigentum und Gesch\u00e4fte ist f\u00fcr Banken und andere Finanzorganisationen verpflichtend. Die Verordnung \u00fcber die minimalen technischen Voraussetzungen f\u00fcr den verpflichtenden Einbau von Systemen des technischen Schutzes in Banken und andere Finanzorganisationen (\u201cAmtsblatt RS\u201d, Nr. 98\/2016) wird vorgesehen dass der technische Schutz auf Grund des Aktes \u00fcber die Absch\u00e4tzung des Schutzes von Personen, Eigentum und Gesch\u00e4fte die periodisch entsprechend der \u00c4nderung von Risiken aktualisiert wird.<\/p>\t\t\t\t\t\t\t\t<\/div>\n\t\t\t\t<\/div>\n\t\t\t\t\t<\/div>\n\t\t<\/div>\n\t\t\t\t\t<\/div>\n\t\t<\/section>\n\t\t\t\t<section class=\"elementor-section elementor-top-section elementor-element elementor-element-cad7e62 elementor-section-full_width elementor-section-height-default elementor-section-height-default qodef-elementor-content-no\" data-id=\"cad7e62\" data-element_type=\"section\" data-e-type=\"section\">\n\t\t\t\t\t\t<div class=\"elementor-container elementor-column-gap-no\">\n\t\t\t\t\t<div class=\"elementor-column elementor-col-100 elementor-top-column elementor-element elementor-element-7d8563e\" data-id=\"7d8563e\" data-element_type=\"column\" data-e-type=\"column\">\n\t\t\t<div class=\"elementor-widget-wrap elementor-element-populated\">\n\t\t\t\t\t\t<div class=\"elementor-element elementor-element-b944107 elementor-widget elementor-widget-stal_core_section_title\" data-id=\"b944107\" data-element_type=\"widget\" data-e-type=\"widget\" data-widget_type=\"stal_core_section_title.default\">\n\t\t\t\t<div class=\"elementor-widget-container\">\n\t\t\t\t\t<div class=\"qodef-shortcode qodef-m  qodef-section-title qodef-alignment--left  \">\n\t\t<div class=\"qodef-m-title-wrap\">\n\t\t<h2 class=\"qodef-m-title\" >\n\t\t\t\t\tFAQ Bereich\t\t\t<\/h2>\n\t\n\t<\/div>\n\t<\/div>\t\t\t\t<\/div>\n\t\t\t\t<\/div>\n\t\t\t\t<div class=\"elementor-element elementor-element-c58b0ae elementor-widget elementor-widget-stal_core_accordion\" data-id=\"c58b0ae\" data-element_type=\"widget\" data-e-type=\"widget\" data-widget_type=\"stal_core_accordion.default\">\n\t\t\t\t<div class=\"elementor-widget-container\">\n\t\t\t\t\t<div class=\"qodef-shortcode qodef-m  qodef-accordion clear qodef-behavior--accordion qodef-layout--simple\">\n\t<h5 class=\"qodef-accordion-title\">\n\t<span class=\"qodef-tab-title\">\n\t\tWelches Gesetz definiert dieses Gebiet?\t<\/span>\n\t<span class=\"qodef-accordion-mark\">\n\t\t<span class=\"qodef-icon\"><\/span>\n\t<\/span>\n<\/h5>\n<div class=\"qodef-accordion-content\">\n\t<div class=\"qodef-accordion-content-inner\">\n\t\t<p>Das Gesetz \u00fcber die private Sicherheit (\u201cAmtsblatt RS\u201d, Nr. 104\/2013, 42\/2015 und 87\/2018) hat die Ausfertigung des Aktes \u00fcber die Risikoabsch\u00e4tzung im Schutze von Personen, Eigentum und Gesch\u00e4fte als verpflichtend vorgeschrieben f\u00fcr alle Subjekte im \u00f6ffentlichen und privaten Sektor. Diese wird auf genau vorgeschrieber Art durch das serbische SRPS A.L2.003:2017 vorgeschrieben. Sicherheit und Best\u00e4ndigkeit von Gesellschaften- Risikoabsch\u00e4tzung mindestens einmal alle drei Jahre vorzunehmen.<\/p>\t<\/div>\n<\/div><h5 class=\"qodef-accordion-title\">\n\t<span class=\"qodef-tab-title\">\n\t\tWer ist verpflichtet dieses Dokument zu haben?\t<\/span>\n\t<span class=\"qodef-accordion-mark\">\n\t\t<span class=\"qodef-icon\"><\/span>\n\t<\/span>\n<\/h5>\n<div class=\"qodef-accordion-content\">\n\t<div class=\"qodef-accordion-content-inner\">\n\t\t<p>Das Gesetz \u00fcber die private Sicherheit (\u201cAmtsblatt RS, Nr. 104\/2013, 42\/2015 und 87\/2018) sieht vor dass eine Risikoabsch\u00e4tzung im Bereich des Schutzes von Personen, Eigentum und Gesch\u00e4fte m\u00fcssen folgende Objekte besitzen:<\/p><ol><li>Objekte im Bereich Energetik, Verkehr, Wasserwirtschaft, Industrie, Umweltschutz und sonstige Objekte;<\/li><li>Objekte die durch das Gesetz, Sondergesetz oder die Entscheidung des zust\u00e4ndigen Organs als Objekte von besonderer Bedeutung im Schutze des Landes angeordnet sind;<\/li><li>Objekte der Staatsorgane- Einheiten der Selbstverwaltung;<\/li><li>Geschlossene Objekte, Hallen und sonstige Objekte die f\u00fcr die Versammlung von mehr als 5.000 Menschen vorgesehen sind;<\/li><li>Offene Objekte, Stadien und sonstige Objekte die f\u00fcr die Versammlung von mehr als 20.000 Menschen vorgesehen sind;<\/li><li>Einkaufszentren- geschlossener, sowie offenen Typs mit mehr als 10.000 Quadratmeter;<\/li><li>Objekte der Verkehrsinfrastruktur (Busstationen und Bahnh\u00f6fe) f\u00fcr eine Stadt gr\u00f6sser als 50.000 Einw\u00f6hner;<\/li><li>Platz auf dem sich die Objekten aus vorrigen Abs\u00e4tzen befinden und dessen Bestandteil sie sind, sowie denen zugeh\u00f6rende Objekte im Funktion der genannten Objekte.<\/li><\/ol>\t<\/div>\n<\/div><h5 class=\"qodef-accordion-title\">\n\t<span class=\"qodef-tab-title\">\n\t\tVorgesehene Strafen\t<\/span>\n\t<span class=\"qodef-accordion-mark\">\n\t\t<span class=\"qodef-icon\"><\/span>\n\t<\/span>\n<\/h5>\n<div class=\"qodef-accordion-content\">\n\t<div class=\"qodef-accordion-content-inner\">\n\t\t<p>Auf Grund des Gesetzes \u00fcber die private Sicherheit (\u201cAmtsblatt RS\u201d, Nr. 104\/2013, 43\/ 2015 und 87\/2018), wird eine juristische Person f\u00fcr den Verstoss mit einer Strafe von 500.000 bis 2.000.000 RSD bestraft wenn:<\/p><ol><li>Es eine Planierung des System des technischen Schutzes ohne Risikoabsch\u00e4tzung durchf\u00fchrt, wenn sie gesetzlich verpflichtend ist (Art 34).<\/li><\/ol><p>Auf Grund der Verordnung \u00fcber die n\u00e4heren Kriterien f\u00fcr die Bestimmung der gesicherten Objekten und Art der Vornahme deren Schutzes (\u201cAmtsblatt RS\u201d, Nr. 98\/2016), juristische Person die \u00fcber diese Objekte verf\u00fcgt ist meiner Strafe iHv 50.000 bis 500.000 RSD zu bestrafen wenn:<\/p><ol><li>Es die Risikoabsch\u00e4tzung nicht hat;<\/li><li>Die periodische Aktualisierung der Risikoabsch\u00e4tzung nicht durchf\u00fchrt.<\/li><\/ol>\t<\/div>\n<\/div><\/div>\t\t\t\t<\/div>\n\t\t\t\t<\/div>\n\t\t\t\t\t<\/div>\n\t\t<\/div>\n\t\t\t\t\t<\/div>\n\t\t<\/section>\n\t\t\t\t<\/div>\n\t\t","protected":false},"excerpt":{"rendered":"<p>Razvojno Inovacioni Sistem d.o.o bietet die Ausfertigung des Aktes \u00fcber die Risikoabsch\u00e4tzung im Schutze von Personen, Eigentum und Gesch\u00e4fte. Es hat eine Lizenz f\u00fcr die Durchf\u00fchrung von Gesch\u00e4fte der Risikoabsch\u00e4tzung im Schutze von Personen, Eigentum und Gesch\u00e4fte, erlassen vom Ministerium f\u00fcr innere Angelegenheiten. Akt \u00fcber die Absch\u00e4tzung im Schutze von Personen, Eigentum und Gesch\u00e4fte ist [&hellip;]<\/p>\n","protected":false},"author":1,"featured_media":7453,"parent":0,"menu_order":0,"comment_status":"closed","ping_status":"closed","template":"","meta":{"footnotes":""},"class_list":["post-7691","page","type-page","status-publish","has-post-thumbnail","hentry"],"yoast_head":"<!-- This site is optimized with the Yoast SEO plugin v27.4 - https:\/\/yoast.com\/product\/yoast-seo-wordpress\/ -->\n<title>Risikoabsch\u00e4tzung im Schutze von Personen, Eigentum und Gesch\u00e4fte - Razvojno Inovacioni Sistem<\/title>\n<meta name=\"robots\" content=\"index, follow, max-snippet:-1, max-image-preview:large, max-video-preview:-1\" \/>\n<link rel=\"canonical\" href=\"https:\/\/razvojnoinovacionisistem.rs\/risikoabschaetzung-im-schutze-von-personen-eigentum-und-geschaefte\/?lang=de\" \/>\n<meta property=\"og:locale\" content=\"de_DE\" \/>\n<meta property=\"og:type\" content=\"article\" \/>\n<meta property=\"og:title\" content=\"Risikoabsch\u00e4tzung im Schutze von Personen, Eigentum und Gesch\u00e4fte - Razvojno Inovacioni Sistem\" \/>\n<meta property=\"og:description\" content=\"Razvojno Inovacioni Sistem d.o.o bietet die Ausfertigung des Aktes \u00fcber die Risikoabsch\u00e4tzung im Schutze von Personen, Eigentum und Gesch\u00e4fte. Es hat eine Lizenz f\u00fcr die Durchf\u00fchrung von Gesch\u00e4fte der Risikoabsch\u00e4tzung im Schutze von Personen, Eigentum und Gesch\u00e4fte, erlassen vom Ministerium f\u00fcr innere Angelegenheiten. Akt \u00fcber die Absch\u00e4tzung im Schutze von Personen, Eigentum und Gesch\u00e4fte ist [&hellip;]\" \/>\n<meta property=\"og:url\" content=\"https:\/\/razvojnoinovacionisistem.rs\/risikoabschaetzung-im-schutze-von-personen-eigentum-und-geschaefte\/?lang=de\" \/>\n<meta property=\"og:site_name\" content=\"Razvojno Inovacioni Sistem\" \/>\n<meta property=\"article:publisher\" content=\"https:\/\/www.facebook.com\/people\/Razvojno-Inovacioni-Sistem\/100057052645417\/\" \/>\n<meta property=\"article:modified_time\" content=\"2021-06-01T09:42:16+00:00\" \/>\n<meta property=\"og:image\" content=\"https:\/\/razvojnoinovacionisistem.rs\/wp-content\/uploads\/2020\/09\/ris-fb.jpg\" \/>\n\t<meta property=\"og:image:width\" content=\"1233\" \/>\n\t<meta property=\"og:image:height\" content=\"647\" \/>\n\t<meta property=\"og:image:type\" content=\"image\/jpeg\" \/>\n<meta name=\"twitter:card\" content=\"summary_large_image\" \/>\n<meta name=\"twitter:label1\" content=\"Gesch\u00e4tzte Lesezeit\" \/>\n\t<meta name=\"twitter:data1\" content=\"4\u00a0Minuten\" \/>\n<script type=\"application\/ld+json\" class=\"yoast-schema-graph\">{\"@context\":\"https:\\\/\\\/schema.org\",\"@graph\":[{\"@type\":\"WebPage\",\"@id\":\"https:\\\/\\\/razvojnoinovacionisistem.rs\\\/risikoabschaetzung-im-schutze-von-personen-eigentum-und-geschaefte\\\/?lang=de\",\"url\":\"https:\\\/\\\/razvojnoinovacionisistem.rs\\\/risikoabschaetzung-im-schutze-von-personen-eigentum-und-geschaefte\\\/?lang=de\",\"name\":\"Risikoabsch\u00e4tzung im Schutze von Personen, Eigentum und Gesch\u00e4fte - Razvojno Inovacioni Sistem\",\"isPartOf\":{\"@id\":\"https:\\\/\\\/razvojnoinovacionisistem.rs\\\/#website\"},\"primaryImageOfPage\":{\"@id\":\"https:\\\/\\\/razvojnoinovacionisistem.rs\\\/risikoabschaetzung-im-schutze-von-personen-eigentum-und-geschaefte\\\/?lang=de#primaryimage\"},\"image\":{\"@id\":\"https:\\\/\\\/razvojnoinovacionisistem.rs\\\/risikoabschaetzung-im-schutze-von-personen-eigentum-und-geschaefte\\\/?lang=de#primaryimage\"},\"thumbnailUrl\":\"https:\\\/\\\/razvojnoinovacionisistem.rs\\\/wp-content\\\/uploads\\\/2020\\\/09\\\/ris-fb.jpg\",\"datePublished\":\"2020-09-03T20:11:41+00:00\",\"dateModified\":\"2021-06-01T09:42:16+00:00\",\"breadcrumb\":{\"@id\":\"https:\\\/\\\/razvojnoinovacionisistem.rs\\\/risikoabschaetzung-im-schutze-von-personen-eigentum-und-geschaefte\\\/?lang=de#breadcrumb\"},\"inLanguage\":\"de\",\"potentialAction\":[{\"@type\":\"ReadAction\",\"target\":[\"https:\\\/\\\/razvojnoinovacionisistem.rs\\\/risikoabschaetzung-im-schutze-von-personen-eigentum-und-geschaefte\\\/?lang=de\"]}]},{\"@type\":\"ImageObject\",\"inLanguage\":\"de\",\"@id\":\"https:\\\/\\\/razvojnoinovacionisistem.rs\\\/risikoabschaetzung-im-schutze-von-personen-eigentum-und-geschaefte\\\/?lang=de#primaryimage\",\"url\":\"https:\\\/\\\/razvojnoinovacionisistem.rs\\\/wp-content\\\/uploads\\\/2020\\\/09\\\/ris-fb.jpg\",\"contentUrl\":\"https:\\\/\\\/razvojnoinovacionisistem.rs\\\/wp-content\\\/uploads\\\/2020\\\/09\\\/ris-fb.jpg\",\"width\":1233,\"height\":647},{\"@type\":\"BreadcrumbList\",\"@id\":\"https:\\\/\\\/razvojnoinovacionisistem.rs\\\/risikoabschaetzung-im-schutze-von-personen-eigentum-und-geschaefte\\\/?lang=de#breadcrumb\",\"itemListElement\":[{\"@type\":\"ListItem\",\"position\":1,\"name\":\"\u041f\u043e\u0447\u0435\u0442\u043d\u0430\",\"item\":\"https:\\\/\\\/razvojnoinovacionisistem.rs\\\/?lang=de\"},{\"@type\":\"ListItem\",\"position\":2,\"name\":\"Risikoabsch\u00e4tzung im Schutze von Personen, Eigentum und Gesch\u00e4fte\"}]},{\"@type\":\"WebSite\",\"@id\":\"https:\\\/\\\/razvojnoinovacionisistem.rs\\\/#website\",\"url\":\"https:\\\/\\\/razvojnoinovacionisistem.rs\\\/\",\"name\":\"\u0420\u0430\u0437\u0432\u043e\u0458\u043d\u043e \u0418\u043d\u043e\u0432\u0430\u0446\u0438\u043e\u043d\u0438 \u0421\u0438\u0441\u0442\u0435\u043c\",\"description\":\"\",\"publisher\":{\"@id\":\"https:\\\/\\\/razvojnoinovacionisistem.rs\\\/#organization\"},\"potentialAction\":[{\"@type\":\"SearchAction\",\"target\":{\"@type\":\"EntryPoint\",\"urlTemplate\":\"https:\\\/\\\/razvojnoinovacionisistem.rs\\\/?s={search_term_string}\"},\"query-input\":{\"@type\":\"PropertyValueSpecification\",\"valueRequired\":true,\"valueName\":\"search_term_string\"}}],\"inLanguage\":\"de\"},{\"@type\":\"Organization\",\"@id\":\"https:\\\/\\\/razvojnoinovacionisistem.rs\\\/#organization\",\"name\":\"\u0420\u0430\u0437\u0432\u043e\u0458\u043d\u043e \u0418\u043d\u043e\u0432\u0430\u0446\u0438\u043e\u043d\u0438 \u0421\u0438\u0441\u0442\u0435\u043c\",\"url\":\"https:\\\/\\\/razvojnoinovacionisistem.rs\\\/\",\"logo\":{\"@type\":\"ImageObject\",\"inLanguage\":\"de\",\"@id\":\"https:\\\/\\\/razvojnoinovacionisistem.rs\\\/#\\\/schema\\\/logo\\\/image\\\/\",\"url\":\"https:\\\/\\\/razvojnoinovacionisistem.rs\\\/wp-content\\\/uploads\\\/2020\\\/09\\\/RIS-Logo-4-1024x308-1.jpg\",\"contentUrl\":\"https:\\\/\\\/razvojnoinovacionisistem.rs\\\/wp-content\\\/uploads\\\/2020\\\/09\\\/RIS-Logo-4-1024x308-1.jpg\",\"width\":1024,\"height\":308,\"caption\":\"\u0420\u0430\u0437\u0432\u043e\u0458\u043d\u043e \u0418\u043d\u043e\u0432\u0430\u0446\u0438\u043e\u043d\u0438 \u0421\u0438\u0441\u0442\u0435\u043c\"},\"image\":{\"@id\":\"https:\\\/\\\/razvojnoinovacionisistem.rs\\\/#\\\/schema\\\/logo\\\/image\\\/\"},\"sameAs\":[\"https:\\\/\\\/www.facebook.com\\\/people\\\/Razvojno-Inovacioni-Sistem\\\/100057052645417\\\/\",\"https:\\\/\\\/www.linkedin.com\\\/company\\\/razvojno-inovacioni-sistem-d-o-o\\\/\"]}]}<\/script>\n<!-- \/ Yoast SEO plugin. -->","yoast_head_json":{"title":"Risikoabsch\u00e4tzung im Schutze von Personen, Eigentum und Gesch\u00e4fte - Razvojno Inovacioni Sistem","robots":{"index":"index","follow":"follow","max-snippet":"max-snippet:-1","max-image-preview":"max-image-preview:large","max-video-preview":"max-video-preview:-1"},"canonical":"https:\/\/razvojnoinovacionisistem.rs\/risikoabschaetzung-im-schutze-von-personen-eigentum-und-geschaefte\/?lang=de","og_locale":"de_DE","og_type":"article","og_title":"Risikoabsch\u00e4tzung im Schutze von Personen, Eigentum und Gesch\u00e4fte - Razvojno Inovacioni Sistem","og_description":"Razvojno Inovacioni Sistem d.o.o bietet die Ausfertigung des Aktes \u00fcber die Risikoabsch\u00e4tzung im Schutze von Personen, Eigentum und Gesch\u00e4fte. Es hat eine Lizenz f\u00fcr die Durchf\u00fchrung von Gesch\u00e4fte der Risikoabsch\u00e4tzung im Schutze von Personen, Eigentum und Gesch\u00e4fte, erlassen vom Ministerium f\u00fcr innere Angelegenheiten. Akt \u00fcber die Absch\u00e4tzung im Schutze von Personen, Eigentum und Gesch\u00e4fte ist [&hellip;]","og_url":"https:\/\/razvojnoinovacionisistem.rs\/risikoabschaetzung-im-schutze-von-personen-eigentum-und-geschaefte\/?lang=de","og_site_name":"Razvojno Inovacioni Sistem","article_publisher":"https:\/\/www.facebook.com\/people\/Razvojno-Inovacioni-Sistem\/100057052645417\/","article_modified_time":"2021-06-01T09:42:16+00:00","og_image":[{"width":1233,"height":647,"url":"https:\/\/razvojnoinovacionisistem.rs\/wp-content\/uploads\/2020\/09\/ris-fb.jpg","type":"image\/jpeg"}],"twitter_card":"summary_large_image","twitter_misc":{"Gesch\u00e4tzte Lesezeit":"4\u00a0Minuten"},"schema":{"@context":"https:\/\/schema.org","@graph":[{"@type":"WebPage","@id":"https:\/\/razvojnoinovacionisistem.rs\/risikoabschaetzung-im-schutze-von-personen-eigentum-und-geschaefte\/?lang=de","url":"https:\/\/razvojnoinovacionisistem.rs\/risikoabschaetzung-im-schutze-von-personen-eigentum-und-geschaefte\/?lang=de","name":"Risikoabsch\u00e4tzung im Schutze von Personen, Eigentum und Gesch\u00e4fte - Razvojno Inovacioni Sistem","isPartOf":{"@id":"https:\/\/razvojnoinovacionisistem.rs\/#website"},"primaryImageOfPage":{"@id":"https:\/\/razvojnoinovacionisistem.rs\/risikoabschaetzung-im-schutze-von-personen-eigentum-und-geschaefte\/?lang=de#primaryimage"},"image":{"@id":"https:\/\/razvojnoinovacionisistem.rs\/risikoabschaetzung-im-schutze-von-personen-eigentum-und-geschaefte\/?lang=de#primaryimage"},"thumbnailUrl":"https:\/\/razvojnoinovacionisistem.rs\/wp-content\/uploads\/2020\/09\/ris-fb.jpg","datePublished":"2020-09-03T20:11:41+00:00","dateModified":"2021-06-01T09:42:16+00:00","breadcrumb":{"@id":"https:\/\/razvojnoinovacionisistem.rs\/risikoabschaetzung-im-schutze-von-personen-eigentum-und-geschaefte\/?lang=de#breadcrumb"},"inLanguage":"de","potentialAction":[{"@type":"ReadAction","target":["https:\/\/razvojnoinovacionisistem.rs\/risikoabschaetzung-im-schutze-von-personen-eigentum-und-geschaefte\/?lang=de"]}]},{"@type":"ImageObject","inLanguage":"de","@id":"https:\/\/razvojnoinovacionisistem.rs\/risikoabschaetzung-im-schutze-von-personen-eigentum-und-geschaefte\/?lang=de#primaryimage","url":"https:\/\/razvojnoinovacionisistem.rs\/wp-content\/uploads\/2020\/09\/ris-fb.jpg","contentUrl":"https:\/\/razvojnoinovacionisistem.rs\/wp-content\/uploads\/2020\/09\/ris-fb.jpg","width":1233,"height":647},{"@type":"BreadcrumbList","@id":"https:\/\/razvojnoinovacionisistem.rs\/risikoabschaetzung-im-schutze-von-personen-eigentum-und-geschaefte\/?lang=de#breadcrumb","itemListElement":[{"@type":"ListItem","position":1,"name":"\u041f\u043e\u0447\u0435\u0442\u043d\u0430","item":"https:\/\/razvojnoinovacionisistem.rs\/?lang=de"},{"@type":"ListItem","position":2,"name":"Risikoabsch\u00e4tzung im Schutze von Personen, Eigentum und Gesch\u00e4fte"}]},{"@type":"WebSite","@id":"https:\/\/razvojnoinovacionisistem.rs\/#website","url":"https:\/\/razvojnoinovacionisistem.rs\/","name":"\u0420\u0430\u0437\u0432\u043e\u0458\u043d\u043e \u0418\u043d\u043e\u0432\u0430\u0446\u0438\u043e\u043d\u0438 \u0421\u0438\u0441\u0442\u0435\u043c","description":"","publisher":{"@id":"https:\/\/razvojnoinovacionisistem.rs\/#organization"},"potentialAction":[{"@type":"SearchAction","target":{"@type":"EntryPoint","urlTemplate":"https:\/\/razvojnoinovacionisistem.rs\/?s={search_term_string}"},"query-input":{"@type":"PropertyValueSpecification","valueRequired":true,"valueName":"search_term_string"}}],"inLanguage":"de"},{"@type":"Organization","@id":"https:\/\/razvojnoinovacionisistem.rs\/#organization","name":"\u0420\u0430\u0437\u0432\u043e\u0458\u043d\u043e \u0418\u043d\u043e\u0432\u0430\u0446\u0438\u043e\u043d\u0438 \u0421\u0438\u0441\u0442\u0435\u043c","url":"https:\/\/razvojnoinovacionisistem.rs\/","logo":{"@type":"ImageObject","inLanguage":"de","@id":"https:\/\/razvojnoinovacionisistem.rs\/#\/schema\/logo\/image\/","url":"https:\/\/razvojnoinovacionisistem.rs\/wp-content\/uploads\/2020\/09\/RIS-Logo-4-1024x308-1.jpg","contentUrl":"https:\/\/razvojnoinovacionisistem.rs\/wp-content\/uploads\/2020\/09\/RIS-Logo-4-1024x308-1.jpg","width":1024,"height":308,"caption":"\u0420\u0430\u0437\u0432\u043e\u0458\u043d\u043e \u0418\u043d\u043e\u0432\u0430\u0446\u0438\u043e\u043d\u0438 \u0421\u0438\u0441\u0442\u0435\u043c"},"image":{"@id":"https:\/\/razvojnoinovacionisistem.rs\/#\/schema\/logo\/image\/"},"sameAs":["https:\/\/www.facebook.com\/people\/Razvojno-Inovacioni-Sistem\/100057052645417\/","https:\/\/www.linkedin.com\/company\/razvojno-inovacioni-sistem-d-o-o\/"]}]}},"_links":{"self":[{"href":"https:\/\/razvojnoinovacionisistem.rs\/de\/wp-json\/wp\/v2\/pages\/7691","targetHints":{"allow":["GET"]}}],"collection":[{"href":"https:\/\/razvojnoinovacionisistem.rs\/de\/wp-json\/wp\/v2\/pages"}],"about":[{"href":"https:\/\/razvojnoinovacionisistem.rs\/de\/wp-json\/wp\/v2\/types\/page"}],"author":[{"embeddable":true,"href":"https:\/\/razvojnoinovacionisistem.rs\/de\/wp-json\/wp\/v2\/users\/1"}],"replies":[{"embeddable":true,"href":"https:\/\/razvojnoinovacionisistem.rs\/de\/wp-json\/wp\/v2\/comments?post=7691"}],"version-history":[{"count":0,"href":"https:\/\/razvojnoinovacionisistem.rs\/de\/wp-json\/wp\/v2\/pages\/7691\/revisions"}],"wp:featuredmedia":[{"embeddable":true,"href":"https:\/\/razvojnoinovacionisistem.rs\/de\/wp-json\/wp\/v2\/media\/7453"}],"wp:attachment":[{"href":"https:\/\/razvojnoinovacionisistem.rs\/de\/wp-json\/wp\/v2\/media?parent=7691"}],"curies":[{"name":"wp","href":"https:\/\/api.w.org\/{rel}","templated":true}]}}